{"id":429,"date":"2018-11-15T22:50:19","date_gmt":"2018-11-15T21:50:19","guid":{"rendered":"http:\/\/nmc.invinity.at\/rechtsanwaelte\/"},"modified":"2020-06-24T17:52:25","modified_gmt":"2020-06-24T15:52:25","slug":"odvjetnici","status":"publish","type":"page","link":"https:\/\/www.nmc-anwaelte.at\/hr\/odvjetnici\/","title":{"rendered":"Odvjetnici"},"content":{"rendered":"\t\t<div data-elementor-type=\"wp-post\" data-elementor-id=\"429\" class=\"elementor elementor-429 elementor-361\" data-elementor-post-type=\"page\">\n\t\t\t\t\t\t<section class=\"elementor-section elementor-top-section elementor-element elementor-element-536f0ba elementor-section-boxed elementor-section-height-default elementor-section-height-default\" data-id=\"536f0ba\" data-element_type=\"section\" data-settings=\"{&quot;background_background&quot;:&quot;classic&quot;}\">\n\t\t\t\t\t\t<div class=\"elementor-container elementor-column-gap-no\">\n\t\t\t\t\t<div class=\"elementor-column elementor-col-50 elementor-top-column elementor-element elementor-element-37ef278\" data-id=\"37ef278\" data-element_type=\"column\" data-settings=\"{&quot;background_background&quot;:&quot;classic&quot;}\">\n\t\t\t<div class=\"elementor-widget-wrap elementor-element-populated\">\n\t\t\t\t\t\t<div class=\"elementor-element elementor-element-f0844da elementor-widget elementor-widget-heading\" data-id=\"f0844da\" data-element_type=\"widget\" data-widget_type=\"heading.default\">\n\t\t\t\t<div class=\"elementor-widget-container\">\n\t\t\t\t\t<h2 class=\"elementor-heading-title elementor-size-xl\"><strong>Dr. Davorka<div>\u010ceovi\u0107<\/div><\/strong><\/h2>\t\t\t\t<\/div>\n\t\t\t\t<\/div>\n\t\t\t\t<div class=\"elementor-element elementor-element-e38b0c4 elementor-widget elementor-widget-text-editor\" data-id=\"e38b0c4\" data-element_type=\"widget\" data-widget_type=\"text-editor.default\">\n\t\t\t\t<div class=\"elementor-widget-container\">\n\t\t\t\t\t\t\t\t\t<p>Ro\u0111.\u00a01974. u Konjicu, Bosna i Hercegovina<br \/>Odvjetnica od 2010. godine<\/p><p><strong>Jezici: <\/strong><br \/><strong>\u2028njema\u010dki, engleski, hrvatski, srpski i bosanski<\/strong><\/p>\t\t\t\t\t\t\t\t<\/div>\n\t\t\t\t<\/div>\n\t\t\t\t\t<\/div>\n\t\t<\/div>\n\t\t\t\t<div class=\"elementor-column elementor-col-50 elementor-top-column elementor-element elementor-element-cdf0511\" data-id=\"cdf0511\" data-element_type=\"column\">\n\t\t\t<div class=\"elementor-widget-wrap elementor-element-populated\">\n\t\t\t\t\t\t<div class=\"elementor-element elementor-element-12e8869 elementor-widget elementor-widget-image\" data-id=\"12e8869\" data-element_type=\"widget\" data-widget_type=\"image.default\">\n\t\t\t\t<div class=\"elementor-widget-container\">\n\t\t\t\t\t\t\t\t\t\t\t\t\t\t\t<img fetchpriority=\"high\" decoding=\"async\" width=\"437\" height=\"491\" src=\"https:\/\/www.nmc-anwaelte.at\/wp-content\/uploads\/2018\/11\/dr-davorka-situm-ceovic.png\" class=\"attachment-large size-large wp-image-350\" alt=\"\" srcset=\"https:\/\/www.nmc-anwaelte.at\/wp-content\/uploads\/2018\/11\/dr-davorka-situm-ceovic.png 437w, https:\/\/www.nmc-anwaelte.at\/wp-content\/uploads\/2018\/11\/dr-davorka-situm-ceovic-267x300.png 267w\" sizes=\"(max-width: 437px) 100vw, 437px\" \/>\t\t\t\t\t\t\t\t\t\t\t\t\t\t\t<\/div>\n\t\t\t\t<\/div>\n\t\t\t\t\t<\/div>\n\t\t<\/div>\n\t\t\t\t\t<\/div>\n\t\t<\/section>\n\t\t\t\t<section class=\"elementor-section elementor-top-section elementor-element elementor-element-92bc09d elementor-section-boxed elementor-section-height-default elementor-section-height-default\" data-id=\"92bc09d\" data-element_type=\"section\" data-settings=\"{&quot;background_background&quot;:&quot;classic&quot;}\">\n\t\t\t\t\t\t<div class=\"elementor-container elementor-column-gap-no\">\n\t\t\t\t\t<div class=\"elementor-column elementor-col-50 elementor-top-column elementor-element elementor-element-6149464\" data-id=\"6149464\" data-element_type=\"column\" data-settings=\"{&quot;background_background&quot;:&quot;classic&quot;}\">\n\t\t\t<div class=\"elementor-widget-wrap elementor-element-populated\">\n\t\t\t\t\t\t<div class=\"elementor-element elementor-element-c0ae194 elementor-widget elementor-widget-heading\" data-id=\"c0ae194\" data-element_type=\"widget\" data-widget_type=\"heading.default\">\n\t\t\t\t<div class=\"elementor-widget-container\">\n\t\t\t\t\t<h2 class=\"elementor-heading-title elementor-size-xl\"><strong>Dr. Anton<div>Neulinger<\/div><\/strong><\/h2>\t\t\t\t<\/div>\n\t\t\t\t<\/div>\n\t\t\t\t<div class=\"elementor-element elementor-element-970e614 elementor-widget elementor-widget-text-editor\" data-id=\"970e614\" data-element_type=\"widget\" data-widget_type=\"text-editor.default\">\n\t\t\t\t<div class=\"elementor-widget-container\">\n\t\t\t\t\t\t\t\t\t<p>Ro\u0111. 1978. u Be\u010du, Austrija<br \/>Odvjetnik od 2009. godine<\/p><p><strong>Jezici:<\/strong><br \/><strong>\u2028njema\u010dki i engleski<\/strong><\/p>\t\t\t\t\t\t\t\t<\/div>\n\t\t\t\t<\/div>\n\t\t\t\t\t<\/div>\n\t\t<\/div>\n\t\t\t\t<div class=\"elementor-column elementor-col-50 elementor-top-column elementor-element elementor-element-947f700\" data-id=\"947f700\" data-element_type=\"column\">\n\t\t\t<div class=\"elementor-widget-wrap elementor-element-populated\">\n\t\t\t\t\t\t<div class=\"elementor-element elementor-element-bd72515 elementor-widget elementor-widget-image\" data-id=\"bd72515\" data-element_type=\"widget\" data-widget_type=\"image.default\">\n\t\t\t\t<div class=\"elementor-widget-container\">\n\t\t\t\t\t\t\t\t\t\t\t\t\t\t\t<img decoding=\"async\" width=\"597\" height=\"500\" src=\"https:\/\/www.nmc-anwaelte.at\/wp-content\/uploads\/2018\/11\/mag-anton-neulinger.png\" class=\"attachment-large size-large wp-image-346\" alt=\"\" srcset=\"https:\/\/www.nmc-anwaelte.at\/wp-content\/uploads\/2018\/11\/mag-anton-neulinger.png 597w, https:\/\/www.nmc-anwaelte.at\/wp-content\/uploads\/2018\/11\/mag-anton-neulinger-300x251.png 300w\" sizes=\"(max-width: 597px) 100vw, 597px\" \/>\t\t\t\t\t\t\t\t\t\t\t\t\t\t\t<\/div>\n\t\t\t\t<\/div>\n\t\t\t\t\t<\/div>\n\t\t<\/div>\n\t\t\t\t\t<\/div>\n\t\t<\/section>\n\t\t\t\t<section class=\"elementor-section elementor-top-section elementor-element elementor-element-5129881c elementor-section-boxed elementor-section-height-default elementor-section-height-default\" data-id=\"5129881c\" data-element_type=\"section\" data-settings=\"{&quot;background_background&quot;:&quot;classic&quot;}\">\n\t\t\t\t\t\t<div class=\"elementor-container elementor-column-gap-no\">\n\t\t\t\t\t<div class=\"elementor-column elementor-col-50 elementor-top-column elementor-element elementor-element-dc5ace7\" data-id=\"dc5ace7\" data-element_type=\"column\" data-settings=\"{&quot;background_background&quot;:&quot;classic&quot;}\">\n\t\t\t<div class=\"elementor-widget-wrap elementor-element-populated\">\n\t\t\t\t\t\t<div class=\"elementor-element elementor-element-b5d6025 elementor-widget elementor-widget-heading\" data-id=\"b5d6025\" data-element_type=\"widget\" data-widget_type=\"heading.default\">\n\t\t\t\t<div class=\"elementor-widget-container\">\n\t\t\t\t\t<h2 class=\"elementor-heading-title elementor-size-xl\"><strong>Dr. Anastasia<div>Mitrofanova<\/div><\/strong><\/h2>\t\t\t\t<\/div>\n\t\t\t\t<\/div>\n\t\t\t\t<div class=\"elementor-element elementor-element-62c9d4db elementor-widget elementor-widget-text-editor\" data-id=\"62c9d4db\" data-element_type=\"widget\" data-widget_type=\"text-editor.default\">\n\t\t\t\t<div class=\"elementor-widget-container\">\n\t\t\t\t\t\t\t\t\t<p>Ro\u0111. 1977. u \u010celjabinsku, Ruska Federacija<br \/>Odvjetnica od 2011. godine<\/p><p><strong>Jezici: <\/strong><br \/><strong>\u2028njema\u010dki i ruski<\/strong><\/p>\t\t\t\t\t\t\t\t<\/div>\n\t\t\t\t<\/div>\n\t\t\t\t\t<\/div>\n\t\t<\/div>\n\t\t\t\t<div class=\"elementor-column elementor-col-50 elementor-top-column elementor-element elementor-element-c008afa\" data-id=\"c008afa\" data-element_type=\"column\">\n\t\t\t<div class=\"elementor-widget-wrap elementor-element-populated\">\n\t\t\t\t\t\t<div class=\"elementor-element elementor-element-9d2da76 elementor-widget elementor-widget-image\" data-id=\"9d2da76\" data-element_type=\"widget\" data-widget_type=\"image.default\">\n\t\t\t\t<div class=\"elementor-widget-container\">\n\t\t\t\t\t\t\t\t\t\t\t\t\t\t\t<img decoding=\"async\" width=\"471\" height=\"500\" src=\"https:\/\/www.nmc-anwaelte.at\/wp-content\/uploads\/2018\/11\/dr-anastasia-mitrofanova.png\" class=\"attachment-large size-large wp-image-342\" alt=\"\" srcset=\"https:\/\/www.nmc-anwaelte.at\/wp-content\/uploads\/2018\/11\/dr-anastasia-mitrofanova.png 471w, https:\/\/www.nmc-anwaelte.at\/wp-content\/uploads\/2018\/11\/dr-anastasia-mitrofanova-283x300.png 283w\" sizes=\"(max-width: 471px) 100vw, 471px\" \/>\t\t\t\t\t\t\t\t\t\t\t\t\t\t\t<\/div>\n\t\t\t\t<\/div>\n\t\t\t\t\t<\/div>\n\t\t<\/div>\n\t\t\t\t\t<\/div>\n\t\t<\/section>\n\t\t\t\t<\/div>\n\t\t","protected":false},"excerpt":{"rendered":"<p>Dr. Davorka\u010ceovi\u0107 Ro\u0111.\u00a01974. u Konjicu, Bosna i HercegovinaOdvjetnica od 2010. godine Jezici: \u2028njema\u010dki, engleski, hrvatski, srpski i bosanski Dr. AntonNeulinger Ro\u0111. 1978. u Be\u010du, AustrijaOdvjetnik od 2009. godine Jezici:\u2028njema\u010dki i engleski Dr. AnastasiaMitrofanova Ro\u0111. 1977. u \u010celjabinsku, Ruska FederacijaOdvjetnica od 2011. godine Jezici: \u2028njema\u010dki i ruski<\/p>\n","protected":false},"author":1,"featured_media":0,"parent":0,"menu_order":0,"comment_status":"closed","ping_status":"closed","template":"","meta":{"footnotes":""},"class_list":["post-429","page","type-page","status-publish","hentry"],"_links":{"self":[{"href":"https:\/\/www.nmc-anwaelte.at\/hr\/wp-json\/wp\/v2\/pages\/429","targetHints":{"allow":["GET"]}}],"collection":[{"href":"https:\/\/www.nmc-anwaelte.at\/hr\/wp-json\/wp\/v2\/pages"}],"about":[{"href":"https:\/\/www.nmc-anwaelte.at\/hr\/wp-json\/wp\/v2\/types\/page"}],"author":[{"embeddable":true,"href":"https:\/\/www.nmc-anwaelte.at\/hr\/wp-json\/wp\/v2\/users\/1"}],"replies":[{"embeddable":true,"href":"https:\/\/www.nmc-anwaelte.at\/hr\/wp-json\/wp\/v2\/comments?post=429"}],"version-history":[{"count":12,"href":"https:\/\/www.nmc-anwaelte.at\/hr\/wp-json\/wp\/v2\/pages\/429\/revisions"}],"predecessor-version":[{"id":940,"href":"https:\/\/www.nmc-anwaelte.at\/hr\/wp-json\/wp\/v2\/pages\/429\/revisions\/940"}],"wp:attachment":[{"href":"https:\/\/www.nmc-anwaelte.at\/hr\/wp-json\/wp\/v2\/media?parent=429"}],"curies":[{"name":"wp","href":"https:\/\/api.w.org\/{rel}","templated":true}]}}