{"id":449,"date":"2018-11-14T15:03:58","date_gmt":"2018-11-14T14:03:58","guid":{"rendered":"http:\/\/nmc.invinity.at\/kontakt\/"},"modified":"2022-10-24T09:37:49","modified_gmt":"2022-10-24T07:37:49","slug":"kontakt","status":"publish","type":"page","link":"https:\/\/www.nmc-anwaelte.at\/hr\/kontakt\/","title":{"rendered":"Kontakt"},"content":{"rendered":"\t\t<div data-elementor-type=\"wp-post\" data-elementor-id=\"449\" class=\"elementor elementor-449 elementor-93\" data-elementor-post-type=\"page\">\n\t\t\t\t\t\t<section class=\"elementor-section elementor-top-section elementor-element elementor-element-364cbcdf elementor-section-boxed elementor-section-height-default elementor-section-height-default\" data-id=\"364cbcdf\" data-element_type=\"section\" data-settings=\"{&quot;background_background&quot;:&quot;classic&quot;}\">\n\t\t\t\t\t\t<div class=\"elementor-container elementor-column-gap-default\">\n\t\t\t\t\t<div class=\"elementor-column elementor-col-50 elementor-top-column elementor-element elementor-element-57f2faf0\" data-id=\"57f2faf0\" data-element_type=\"column\">\n\t\t\t<div class=\"elementor-widget-wrap elementor-element-populated\">\n\t\t\t\t\t\t<div class=\"elementor-element elementor-element-3019a6cc elementor-widget elementor-widget-heading\" data-id=\"3019a6cc\" data-element_type=\"widget\" data-widget_type=\"heading.default\">\n\t\t\t\t<div class=\"elementor-widget-container\">\n\t\t\t\t\t<h2 class=\"elementor-heading-title elementor-size-xl\"><strong>Neulinger <br>Mitrofanova <br>\u010ceovi\u0107 <\/strong><br>Rechtsanw\u00e4lte <br>OG<\/h2>\t\t\t\t<\/div>\n\t\t\t\t<\/div>\n\t\t\t\t\t<\/div>\n\t\t<\/div>\n\t\t\t\t<div class=\"elementor-column elementor-col-50 elementor-top-column elementor-element elementor-element-13bb4226\" data-id=\"13bb4226\" data-element_type=\"column\">\n\t\t\t<div class=\"elementor-widget-wrap elementor-element-populated\">\n\t\t\t\t\t\t<div class=\"elementor-element elementor-element-3e53d9f elementor-widget elementor-widget-text-editor\" data-id=\"3e53d9f\" data-element_type=\"widget\" data-widget_type=\"text-editor.default\">\n\t\t\t\t<div class=\"elementor-widget-container\">\n\t\t\t\t\t\t\t\t\t<p>Taborsta\u00dfe 11B<br \/>A-1020 Be\u010d<\/p><p><strong>Telefon:<\/strong> +43 1 2350342<br \/><strong>Fax:<\/strong> +43 1 235034210<br \/><strong>Mobilni telefon\u00a0ureda\u00a0<\/strong> +43 660 2350341<br \/><strong>E-Mail:<\/strong> office@nmc-anwaelte.at<\/p><p><strong>Na\u0161e radno vrijeme je:<\/strong><br \/>od ponedjeljka do \u010detvrtka: od 8:30h do 17:30h<br \/>petkom: od 8:30h do 14:30h<\/p>\t\t\t\t\t\t\t\t<\/div>\n\t\t\t\t<\/div>\n\t\t\t\t<div class=\"elementor-element elementor-element-2100cdf3 elementor-widget elementor-widget-text-editor\" data-id=\"2100cdf3\" data-element_type=\"widget\" data-widget_type=\"text-editor.default\">\n\t\t\t\t<div class=\"elementor-widget-container\">\n\t\t\t\t\t\t\t\t\t<p>Termin za pravno savjetovanje izvan radnog vremena ureda mogu\u0107e je unaprijed zakazati putem telefona. U periodima godi\u0161njih odmora, na\u0161 ured Vam stoji na raspolaganju prema standardnom radnom vremenu.<\/p>\t\t\t\t\t\t\t\t<\/div>\n\t\t\t\t<\/div>\n\t\t\t\t\t<\/div>\n\t\t<\/div>\n\t\t\t\t\t<\/div>\n\t\t<\/section>\n\t\t\t\t<\/div>\n\t\t","protected":false},"excerpt":{"rendered":"<p>Neulinger Mitrofanova \u010ceovi\u0107 Rechtsanw\u00e4lte OG Taborsta\u00dfe 11BA-1020 Be\u010d Telefon: +43 1 2350342Fax: +43 1 235034210Mobilni telefon\u00a0ureda\u00a0 +43 660 2350341E-Mail: office@nmc-anwaelte.at Na\u0161e radno vrijeme je:od ponedjeljka do \u010detvrtka: od 8:30h do 17:30hpetkom: od 8:30h do 14:30h Termin za pravno savjetovanje izvan radnog vremena ureda mogu\u0107e je unaprijed zakazati putem telefona. U periodima godi\u0161njih odmora, na\u0161 ured [&hellip;]<\/p>\n","protected":false},"author":1,"featured_media":0,"parent":0,"menu_order":0,"comment_status":"closed","ping_status":"closed","template":"","meta":{"footnotes":""},"class_list":["post-449","page","type-page","status-publish","hentry"],"_links":{"self":[{"href":"https:\/\/www.nmc-anwaelte.at\/hr\/wp-json\/wp\/v2\/pages\/449","targetHints":{"allow":["GET"]}}],"collection":[{"href":"https:\/\/www.nmc-anwaelte.at\/hr\/wp-json\/wp\/v2\/pages"}],"about":[{"href":"https:\/\/www.nmc-anwaelte.at\/hr\/wp-json\/wp\/v2\/types\/page"}],"author":[{"embeddable":true,"href":"https:\/\/www.nmc-anwaelte.at\/hr\/wp-json\/wp\/v2\/users\/1"}],"replies":[{"embeddable":true,"href":"https:\/\/www.nmc-anwaelte.at\/hr\/wp-json\/wp\/v2\/comments?post=449"}],"version-history":[{"count":14,"href":"https:\/\/www.nmc-anwaelte.at\/hr\/wp-json\/wp\/v2\/pages\/449\/revisions"}],"predecessor-version":[{"id":1046,"href":"https:\/\/www.nmc-anwaelte.at\/hr\/wp-json\/wp\/v2\/pages\/449\/revisions\/1046"}],"wp:attachment":[{"href":"https:\/\/www.nmc-anwaelte.at\/hr\/wp-json\/wp\/v2\/media?parent=449"}],"curies":[{"name":"wp","href":"https:\/\/api.w.org\/{rel}","templated":true}]}}