{"id":624,"date":"2018-11-14T10:27:03","date_gmt":"2018-11-14T10:27:03","guid":{"rendered":"http:\/\/nmc.invinity.at\/sample-page\/"},"modified":"2018-11-21T19:00:47","modified_gmt":"2018-11-21T18:00:47","slug":"sample-page","status":"publish","type":"page","link":"https:\/\/www.nmc-anwaelte.at\/hr\/","title":{"rendered":"Home"},"content":{"rendered":"\t\t<div data-elementor-type=\"wp-post\" data-elementor-id=\"624\" class=\"elementor elementor-624 elementor-2 elementor-bc-flex-widget\" data-elementor-post-type=\"page\">\n\t\t\t\t\t\t<section class=\"elementor-section elementor-top-section elementor-element elementor-element-979ece8 elementor-section-boxed elementor-section-height-default elementor-section-height-default\" data-id=\"979ece8\" data-element_type=\"section\" data-settings=\"{&quot;background_background&quot;:&quot;classic&quot;}\">\n\t\t\t\t\t\t<div class=\"elementor-container elementor-column-gap-default\">\n\t\t\t\t\t<div class=\"elementor-column elementor-col-100 elementor-top-column elementor-element elementor-element-d1d426b\" data-id=\"d1d426b\" data-element_type=\"column\">\n\t\t\t<div class=\"elementor-widget-wrap elementor-element-populated\">\n\t\t\t\t\t\t<div class=\"elementor-element elementor-element-afd7257 elementor-widget elementor-widget-heading\" data-id=\"afd7257\" data-element_type=\"widget\" data-widget_type=\"heading.default\">\n\t\t\t\t<div class=\"elementor-widget-container\">\n\t\t\t\t\t<h2 class=\"elementor-heading-title elementor-size-default\">Dobrodo\u0161li<br \/>\nu Odvjetni\u010dko<br \/>\ndru\u0161tvo<br \/>\n<strong>Neulinger<\/strong><br \/>\n<strong>Mitrofanova<\/strong><br \/>\n<strong>\u010ceovi\u0107!<\/strong><\/h2>\t\t\t\t<\/div>\n\t\t\t\t<\/div>\n\t\t\t\t\t<\/div>\n\t\t<\/div>\n\t\t\t\t\t<\/div>\n\t\t<\/section>\n\t\t\t\t<\/div>\n\t\t","protected":false},"excerpt":{"rendered":"<p>Dobrodo\u0161li u Odvjetni\u010dko dru\u0161tvo Neulinger Mitrofanova \u010ceovi\u0107!<\/p>\n","protected":false},"author":1,"featured_media":0,"parent":0,"menu_order":0,"comment_status":"closed","ping_status":"open","template":"","meta":{"footnotes":""},"class_list":["post-624","page","type-page","status-publish","hentry"],"_links":{"self":[{"href":"https:\/\/www.nmc-anwaelte.at\/hr\/wp-json\/wp\/v2\/pages\/624","targetHints":{"allow":["GET"]}}],"collection":[{"href":"https:\/\/www.nmc-anwaelte.at\/hr\/wp-json\/wp\/v2\/pages"}],"about":[{"href":"https:\/\/www.nmc-anwaelte.at\/hr\/wp-json\/wp\/v2\/types\/page"}],"author":[{"embeddable":true,"href":"https:\/\/www.nmc-anwaelte.at\/hr\/wp-json\/wp\/v2\/users\/1"}],"replies":[{"embeddable":true,"href":"https:\/\/www.nmc-anwaelte.at\/hr\/wp-json\/wp\/v2\/comments?post=624"}],"version-history":[{"count":4,"href":"https:\/\/www.nmc-anwaelte.at\/hr\/wp-json\/wp\/v2\/pages\/624\/revisions"}],"predecessor-version":[{"id":661,"href":"https:\/\/www.nmc-anwaelte.at\/hr\/wp-json\/wp\/v2\/pages\/624\/revisions\/661"}],"wp:attachment":[{"href":"https:\/\/www.nmc-anwaelte.at\/hr\/wp-json\/wp\/v2\/media?parent=624"}],"curies":[{"name":"wp","href":"https:\/\/api.w.org\/{rel}","templated":true}]}}