{"id":103,"date":"2018-11-14T15:03:58","date_gmt":"2018-11-14T14:03:58","guid":{"rendered":"https:\/\/www.nmc-anwaelte.at\/?page_id=103"},"modified":"2022-10-24T09:40:34","modified_gmt":"2022-10-24T07:40:34","slug":"kontakt","status":"publish","type":"page","link":"https:\/\/www.nmc-anwaelte.at\/ru\/kontakt\/","title":{"rendered":"\u041a\u043e\u043d\u0442\u0430\u043a\u0442"},"content":{"rendered":"\t\t<div data-elementor-type=\"wp-post\" data-elementor-id=\"103\" class=\"elementor elementor-103 elementor-93\" data-elementor-post-type=\"page\">\n\t\t\t\t\t\t<section class=\"elementor-section elementor-top-section elementor-element elementor-element-364cbcdf elementor-section-boxed elementor-section-height-default elementor-section-height-default\" data-id=\"364cbcdf\" data-element_type=\"section\" data-settings=\"{&quot;background_background&quot;:&quot;classic&quot;}\">\n\t\t\t\t\t\t<div class=\"elementor-container elementor-column-gap-default\">\n\t\t\t\t\t<div class=\"elementor-column elementor-col-50 elementor-top-column elementor-element elementor-element-57f2faf0\" data-id=\"57f2faf0\" data-element_type=\"column\">\n\t\t\t<div class=\"elementor-widget-wrap elementor-element-populated\">\n\t\t\t\t\t\t<div class=\"elementor-element elementor-element-3019a6cc elementor-widget elementor-widget-heading\" data-id=\"3019a6cc\" data-element_type=\"widget\" data-widget_type=\"heading.default\">\n\t\t\t\t<div class=\"elementor-widget-container\">\n\t\t\t\t\t<h2 class=\"elementor-heading-title elementor-size-xl\"><strong>Neulinger <br>Mitrofanova <br>\u010ceovi\u0107 <\/strong><br>Rechtsanw\u00e4lte <br>OG<\/h2>\t\t\t\t<\/div>\n\t\t\t\t<\/div>\n\t\t\t\t\t<\/div>\n\t\t<\/div>\n\t\t\t\t<div class=\"elementor-column elementor-col-50 elementor-top-column elementor-element elementor-element-13bb4226\" data-id=\"13bb4226\" data-element_type=\"column\">\n\t\t\t<div class=\"elementor-widget-wrap elementor-element-populated\">\n\t\t\t\t\t\t<div class=\"elementor-element elementor-element-3e53d9f elementor-widget elementor-widget-text-editor\" data-id=\"3e53d9f\" data-element_type=\"widget\" data-widget_type=\"text-editor.default\">\n\t\t\t\t<div class=\"elementor-widget-container\">\n\t\t\t\t\t\t\t\t\t<p>Taborsta\u00dfe 11B<br \/>A-1020 Wien<\/p><p><strong>\u0422\u0435\u043b\u0435\u0444\u043e\u043d:<\/strong> +43 1 2350342<br \/><strong>\u0424\u0430\u043a\u0441:<\/strong> +43 1 235034210<br \/><strong>\u041c\u043e\u0431\u0438\u043b\u044c\u043d\u044b\u0439:<\/strong> +43 660 2350341<br \/><strong>E-Mail:<\/strong> office@nmc-anwaelte.at<\/p><p><strong>\u0427\u0430\u0441\u044b \u0440\u0430\u0431\u043e\u0442\u044b:<br \/><\/strong>\u041f\u043e\u043d\u0435\u0434\u0435\u043b\u044c\u043d\u0438\u043a \u2013 \u0447\u0435\u0442\u0432\u0435\u0440\u0433: \u0441 8:30 \u0434\u043e 17:30 \u0447\u0430\u0441\u043e\u0432<br \/>\u041f\u044f\u0442\u043d\u0438\u0446\u0430: \u0441 8:30 \u0434\u043e 14:30 \u0447\u0430\u0441\u043e\u0432<\/p>\t\t\t\t\t\t\t\t<\/div>\n\t\t\t\t<\/div>\n\t\t\t\t<div class=\"elementor-element elementor-element-2100cdf3 elementor-widget elementor-widget-text-editor\" data-id=\"2100cdf3\" data-element_type=\"widget\" data-widget_type=\"text-editor.default\">\n\t\t\t\t<div class=\"elementor-widget-container\">\n\t\t\t\t\t\t\t\t\t<p>\u041f\u043e \u043f\u0440\u0435\u0434\u0432\u0430\u0440\u0438\u0442\u0435\u043b\u044c\u043d\u043e\u0439 \u0434\u043e\u0433\u043e\u0432\u043e\u0440\u0451\u043d\u043d\u043e\u0441\u0442\u0438 \u043c\u044b \u043c\u043e\u0436\u0435\u043c \u043f\u0440\u0435\u0434\u043e\u0441\u0442\u0430\u0432\u0438\u0442\u044c \u0412\u0430\u043c \u043a\u043e\u043d\u0441\u0443\u043b\u044c\u0442\u0430\u0446\u0438\u044e \u0432 \u043d\u0435\u0440\u0430\u0431\u043e\u0447\u0435\u0435 \u0432\u0440\u0435\u043c\u044f. \u0422\u0430\u043a \u0436\u0435 \u0432 \u043f\u0440\u0438\u0432\u044b\u0447\u043d\u043e\u0435 \u0432\u0440\u0435\u043c\u044f \u043e\u0442\u043f\u0443\u0441\u043a\u043e\u0432 \u043b\u0435\u0442\u043e\u043c \u0438 \u0437\u0438\u043c\u043e\u0439 \u043c\u044b \u0432\u0441\u0435\u0433\u0434\u0430 \u043a \u0412\u0430\u0448\u0438\u043c \u0443\u0441\u043b\u0443\u0433\u0430\u043c.<span class=\"Apple-converted-space\">\u00a0<\/span><\/p>\t\t\t\t\t\t\t\t<\/div>\n\t\t\t\t<\/div>\n\t\t\t\t\t<\/div>\n\t\t<\/div>\n\t\t\t\t\t<\/div>\n\t\t<\/section>\n\t\t\t\t<\/div>\n\t\t","protected":false},"excerpt":{"rendered":"<p>Neulinger Mitrofanova \u010ceovi\u0107 Rechtsanw\u00e4lte OG Taborsta\u00dfe 11BA-1020 Wien \u0422\u0435\u043b\u0435\u0444\u043e\u043d: +43 1 2350342\u0424\u0430\u043a\u0441: +43 1 235034210\u041c\u043e\u0431\u0438\u043b\u044c\u043d\u044b\u0439: +43 660 2350341E-Mail: office@nmc-anwaelte.at \u0427\u0430\u0441\u044b \u0440\u0430\u0431\u043e\u0442\u044b:\u041f\u043e\u043d\u0435\u0434\u0435\u043b\u044c\u043d\u0438\u043a \u2013 \u0447\u0435\u0442\u0432\u0435\u0440\u0433: \u0441 8:30 \u0434\u043e 17:30 \u0447\u0430\u0441\u043e\u0432\u041f\u044f\u0442\u043d\u0438\u0446\u0430: \u0441 8:30 \u0434\u043e 14:30 \u0447\u0430\u0441\u043e\u0432 \u041f\u043e \u043f\u0440\u0435\u0434\u0432\u0430\u0440\u0438\u0442\u0435\u043b\u044c\u043d\u043e\u0439 \u0434\u043e\u0433\u043e\u0432\u043e\u0440\u0451\u043d\u043d\u043e\u0441\u0442\u0438 \u043c\u044b \u043c\u043e\u0436\u0435\u043c \u043f\u0440\u0435\u0434\u043e\u0441\u0442\u0430\u0432\u0438\u0442\u044c \u0412\u0430\u043c \u043a\u043e\u043d\u0441\u0443\u043b\u044c\u0442\u0430\u0446\u0438\u044e \u0432 \u043d\u0435\u0440\u0430\u0431\u043e\u0447\u0435\u0435 \u0432\u0440\u0435\u043c\u044f. \u0422\u0430\u043a \u0436\u0435 \u0432 \u043f\u0440\u0438\u0432\u044b\u0447\u043d\u043e\u0435 \u0432\u0440\u0435\u043c\u044f \u043e\u0442\u043f\u0443\u0441\u043a\u043e\u0432 \u043b\u0435\u0442\u043e\u043c \u0438 \u0437\u0438\u043c\u043e\u0439 \u043c\u044b \u0432\u0441\u0435\u0433\u0434\u0430 [&hellip;]<\/p>\n","protected":false},"author":1,"featured_media":0,"parent":0,"menu_order":0,"comment_status":"closed","ping_status":"closed","template":"","meta":{"footnotes":""},"class_list":["post-103","page","type-page","status-publish","hentry"],"_links":{"self":[{"href":"https:\/\/www.nmc-anwaelte.at\/ru\/wp-json\/wp\/v2\/pages\/103","targetHints":{"allow":["GET"]}}],"collection":[{"href":"https:\/\/www.nmc-anwaelte.at\/ru\/wp-json\/wp\/v2\/pages"}],"about":[{"href":"https:\/\/www.nmc-anwaelte.at\/ru\/wp-json\/wp\/v2\/types\/page"}],"author":[{"embeddable":true,"href":"https:\/\/www.nmc-anwaelte.at\/ru\/wp-json\/wp\/v2\/users\/1"}],"replies":[{"embeddable":true,"href":"https:\/\/www.nmc-anwaelte.at\/ru\/wp-json\/wp\/v2\/comments?post=103"}],"version-history":[{"count":13,"href":"https:\/\/www.nmc-anwaelte.at\/ru\/wp-json\/wp\/v2\/pages\/103\/revisions"}],"predecessor-version":[{"id":1049,"href":"https:\/\/www.nmc-anwaelte.at\/ru\/wp-json\/wp\/v2\/pages\/103\/revisions\/1049"}],"wp:attachment":[{"href":"https:\/\/www.nmc-anwaelte.at\/ru\/wp-json\/wp\/v2\/media?parent=103"}],"curies":[{"name":"wp","href":"https:\/\/api.w.org\/{rel}","templated":true}]}}