{"id":507,"date":"2018-11-16T01:38:31","date_gmt":"2018-11-16T00:38:31","guid":{"rendered":"http:\/\/nmc.invinity.at\/impresum-i-zastita-podataka\/"},"modified":"2021-01-22T09:57:51","modified_gmt":"2021-01-22T08:57:51","slug":"vykhodnyye-dannyye-i-zashchita-informatsii","status":"publish","type":"page","link":"https:\/\/www.nmc-anwaelte.at\/ru\/vykhodnyye-dannyye-i-zashchita-informatsii\/","title":{"rendered":"\u0412\u044b\u0445\u043e\u0434\u043d\u044b\u0435 \u0434\u0430\u043d\u043d\u044b\u0435 \u0438 \u0437\u0430\u0449\u0438\u0442\u0430 \u0438\u043d\u0444\u043e\u0440\u043c\u0430\u0446\u0438\u0438"},"content":{"rendered":"\t\t<div data-elementor-type=\"wp-post\" data-elementor-id=\"507\" class=\"elementor elementor-507 elementor-248\" data-elementor-post-type=\"page\">\n\t\t\t\t\t\t<section class=\"elementor-section elementor-top-section elementor-element elementor-element-9f699aa elementor-section-boxed elementor-section-height-default elementor-section-height-default\" data-id=\"9f699aa\" data-element_type=\"section\" data-settings=\"{&quot;background_background&quot;:&quot;classic&quot;}\">\n\t\t\t\t\t\t<div class=\"elementor-container elementor-column-gap-default\">\n\t\t\t\t\t<div class=\"elementor-column elementor-col-50 elementor-top-column elementor-element elementor-element-8488671\" data-id=\"8488671\" data-element_type=\"column\">\n\t\t\t<div class=\"elementor-widget-wrap elementor-element-populated\">\n\t\t\t\t\t\t<div class=\"elementor-element elementor-element-3a45ee5 elementor-widget elementor-widget-heading\" data-id=\"3a45ee5\" data-element_type=\"widget\" data-widget_type=\"heading.default\">\n\t\t\t\t<div class=\"elementor-widget-container\">\n\t\t\t\t\t<h1 class=\"elementor-heading-title elementor-size-xl\">\u0414\u0430\u043d\u043d\u044b\u0435<br \/>\u0441\u043e\u0433\u043b\u0430\u0441\u043d\u043e<br \/>\u00a7 5 ECG:<br><strong>Neulinger <br>Mitrofanova <br>\u010ceovi\u0107 <br>Rechtsanw\u00e4lte <br>OG<\/strong><\/h1>\t\t\t\t<\/div>\n\t\t\t\t<\/div>\n\t\t\t\t\t<\/div>\n\t\t<\/div>\n\t\t\t\t<div class=\"elementor-column elementor-col-50 elementor-top-column elementor-element elementor-element-932f3a9\" data-id=\"932f3a9\" data-element_type=\"column\">\n\t\t\t<div class=\"elementor-widget-wrap elementor-element-populated\">\n\t\t\t\t\t\t<div class=\"elementor-element elementor-element-2711f3b elementor-widget elementor-widget-text-editor\" data-id=\"2711f3b\" data-element_type=\"widget\" data-widget_type=\"text-editor.default\">\n\t\t\t\t<div class=\"elementor-widget-container\">\n\t\t\t\t\t\t\t\t\t<p><strong> \u0423\u0447\u0430\u0441\u0442\u043d\u0438\u043a\u0438 \u043e\u0431\u0449\u0435\u0441\u0442\u0432\u0430 \u0441 \u043f\u0440\u0430\u0432\u043e\u043c \u0435\u0434\u0438\u043d\u043e\u043b\u0438\u0447\u043d\u043e\u0433\u043e \u043f\u0440\u0435\u0434\u0441\u0442\u0430\u0432\u0438\u0442\u0435\u043b\u044c\u0441\u0442\u0432\u0430<br><\/strong>\u0414\u0440.&nbsp;\u0410\u043d\u0442\u043e\u043d \u041d\u043e\u0439\u043b\u0438\u043d\u0433\u0435\u0440<br>\u0414\u0440. \u0410\u043d\u0430\u0441\u0442\u0430\u0441\u0438\u044f \u041c\u0438\u0442\u0440\u043e\u0444\u0430\u043d\u043e\u0432\u0430<br>\u0414\u0440. \u0414\u0430\u0432\u043e\u0440\u043a\u0430 \u0427\u0435\u043e\u0432\u0438\u0447<\/p>\n<p>Taborsta\u00dfe 11B<br>A-1020&nbsp;Wien<\/p>\n<p><strong>\u0422\u0435\u043b\u0435\u0444\u043e\u043d:<\/strong> +43 1 2350342<br><strong>\u0424\u0430\u043a\u0441:<\/strong> +43 1 235034210<br><strong>\u041c\u043e\u0431\u0438\u043b\u044c\u043d\u044b\u0439:<\/strong> +43 660 2350341<br><strong>E-Mail:<\/strong> office@nmc-anwaelte.at<\/p>\t\t\t\t\t\t\t\t<\/div>\n\t\t\t\t<\/div>\n\t\t\t\t<div class=\"elementor-element elementor-element-f166443 elementor-widget elementor-widget-text-editor\" data-id=\"f166443\" data-element_type=\"widget\" data-widget_type=\"text-editor.default\">\n\t\t\t\t<div class=\"elementor-widget-container\">\n\t\t\t\t\t\t\t\t\t<p><strong>FN:<\/strong>\u00a0349261w\u00a0Handelsgericht Wien<br \/><strong>DVR:<\/strong>\u00a04002857<br \/><strong>UID:<\/strong>\u00a0ATU65850037<\/p><p>\u041a\u043e\u043b\u043b\u0435\u0433\u0438\u044f \u0430\u0434\u0432\u043e\u043a\u0430\u0442\u043e\u0432 \u0432 \u0412\u0435\u043d\u0435, \u0410\u0432\u0441\u0442\u0440\u0438\u044f<br \/>\u041f\u0440\u043e\u0444\u0435\u0441\u0441\u0438\u043e\u043d\u0430\u043b\u044c\u043d\u043e-\u043f\u0440\u0430\u0432\u043e\u0432\u044b\u0435 \u043f\u0440\u0435\u0434\u043f\u0438\u0441\u0430\u043d\u0438\u044f \u0412\u044b \u0441\u043c\u043e\u0436\u0435\u0442\u0435 \u043d\u0430\u0439\u0442\u0438 \u043f\u043e \u0441\u0441\u044b\u043b\u043a\u0435: <a href=\"http:\/\/www.oerak.at\/\">http:\/\/www.oerak.at\/<\/a><\/p><p>\u041e\u0442\u0432\u0435\u0442\u0441\u0442\u0432\u0435\u043d\u043d\u044b\u043c, \u0441\u043e\u0433\u043b\u0430\u0441\u043d\u043e \u0440\u0435\u0433\u043b\u0430\u043c\u0435\u043d\u0442\u0430 \u043f\u043e \u0437\u0430\u0449\u0438\u0442\u0435 \u0434\u0430\u043d\u043d\u044b\u0445 (<b>DGSVO<\/b>), \u044f\u0432\u043b\u044f\u0435\u0442\u0441\u044f Neulinger Mitrofanova \u010ceovi\u0107 Rechtsanw\u00e4lte OG, 1020 Wien, Taborstra\u00dfe 11B. \u0423\u043f\u043e\u043b\u043d\u043e\u043c\u043e\u0447\u0435\u043d\u043d\u044b\u043c \u043f\u043e \u0437\u0430\u0449\u0438\u0442\u0435 \u0434\u0430\u043d\u043d\u044b\u0445 \u044f\u0432\u043b\u044f\u0435\u0442\u0441\u044f \u041c\u0430\u0433. \u0410\u043d\u0442\u043e\u043d \u041d\u043e\u0439\u043b\u0438\u043d\u0433\u0435\u0440.<\/p><p>\u041f\u043e \u043e\u043f\u0440\u0435\u0434\u0435\u043b\u0435\u043d\u0438\u044e \u043a\u043b\u0438\u0435\u043d\u0442\u044b \u0438\u043c\u0435\u044e\u0442 \u043f\u0440\u0430\u0432\u043e \u043d\u0430 \u043f\u043e\u043b\u0443\u0447\u0435\u043d\u0438\u0435 \u0441\u043f\u0440\u0430\u0432\u043a\u0438 \u043e \u0434\u0430\u043d\u043d\u044b\u0445, \u043a\u043e\u0442\u043e\u0440\u044b\u0435 \u0435\u0441\u0442\u044c \u043e \u043d\u0438\u0445, \u0438\u0441\u043f\u0440\u0430\u0432\u043b\u0435\u043d\u0438\u0435, \u043e\u0433\u0440\u0430\u043d\u0438\u0447\u0435\u043d\u0438\u0435 \u0432 \u043e\u0431\u0440\u0430\u0431\u043e\u0442\u043a\u0435 \u0438\u043c\u0435\u044e\u0449\u0438\u0445\u0441\u044f \u0434\u0430\u043d\u043d\u044b\u0445, \u0430 \u0442\u0430\u043a\u0436\u0435 \u043d\u0430 \u0438\u0445 \u0443\u0434\u0430\u043b\u0435\u043d\u0438\u0435 (<b>\u0441\u0442\u0430\u0442\u044c\u044f 15 \u043f\u043e 21 DGSVO<\/b>).<\/p><p>\u0415\u0441\u043b\u0438 \u0437\u0430\u043a\u043e\u043d\u043d\u043e\u0441\u0442\u044c \u043e\u0431\u0440\u0430\u0431\u043e\u0442\u043a\u0438 \u0434\u0430\u043d\u043d\u044b\u0445 \u043e\u0441\u043d\u043e\u0432\u044b\u0432\u0430\u0435\u0442\u0441\u044f \u043d\u0430 \u0441\u043e\u0433\u043b\u0430\u0441\u0438\u0438 \u043a\u043b\u0438\u0435\u043d\u0442\u0430, \u0442\u043e \u043f\u043e\u0441\u043b\u0435\u0434\u043d\u0438\u0439 \u0438\u043c\u0435\u0435\u0442 \u043f\u0440\u0430\u0432\u043e, \u0432 \u043b\u044e\u0431\u043e\u0435 \u0432\u0440\u0435\u043c\u044f \u043e\u0442\u043e\u0437\u0432\u0430\u0442\u044c \u0434\u0430\u043d\u043d\u043e\u0435 \u0438\u043c \u0441\u043e\u0433\u043b\u0430\u0441\u0438\u0435. \u041e\u0442\u0437\u044b\u0432 \u043d\u0435 \u0432\u043b\u0438\u044f\u0435\u0442 \u043d\u0430 \u0437\u0430\u043a\u043e\u043d\u043d\u043e\u0441\u0442\u044c \u043e\u0431\u0440\u0430\u0431\u043e\u0442\u043a\u0438, \u043a\u043e\u0442\u043e\u0440\u0430\u044f \u043f\u0440\u043e\u0432\u043e\u0434\u0438\u043b\u0430\u0441\u044c \u043d\u0430 \u043e\u0441\u043d\u043e\u0432\u0435 \u0441\u043e\u0433\u043b\u0430\u0441\u0438\u044f \u0434\u043e \u043c\u043e\u043c\u0435\u043d\u0442\u0430 \u0435\u0433\u043e \u043e\u0442\u0437\u044b\u0432\u0430 (\u0441\u0442\u0430\u0442\u044c\u044f 7 \u0430\u0431\u0437. 3 DGSVO).<\/p><p>\u0416\u0430\u043b\u043e\u0431\u044b \u043f\u043e\u0434\u0430\u044e\u0442\u0441\u044f \u0432 \u0432\u0435\u0434\u043e\u043c\u0441\u0442\u0432\u043e \u043f\u043e \u0437\u0430\u0449\u0438\u0442\u0435 \u0434\u0430\u043d\u043d\u044b\u0445 (\u00a7\u00a7 24ff DSG).<\/p><p><span style=\"font-size: 1.125rem;\"><span style=\"font-weight: bold;\">\u00a0<\/span><\/span><\/p><p><span style=\"font-size: 1.125rem;\"><span style=\"font-weight: bold;\">Webdevelopment<\/span><br \/><\/span><span style=\"font-size: 1.125rem;\">Ing. Vincent Sebastiaan Kooijman<br \/><\/span><a href=\"https:\/\/www.vincentkooijman.at\/en\/\" target=\"_blank\" rel=\"noopener\"><span style=\"font-size: 1.125rem;\">https:\/\/www.vincentkooijman.at\/en<\/span><\/a><\/p><p><strong style=\"font-size: 1.125rem;\">\u00a0<\/strong><\/p><p><strong style=\"font-size: 1.125rem;\">Design &amp; Art Direction<br \/><\/strong>Patrick Bauer<br \/><a href=\"http:\/\/www.patrickbauer.com\/\" target=\"_blank\" rel=\"noopener\">http:\/\/www.patrickbauer.com<\/a><\/p>\t\t\t\t\t\t\t\t<\/div>\n\t\t\t\t<\/div>\n\t\t\t\t\t<\/div>\n\t\t<\/div>\n\t\t\t\t\t<\/div>\n\t\t<\/section>\n\t\t\t\t<\/div>\n\t\t","protected":false},"excerpt":{"rendered":"<p>\u0414\u0430\u043d\u043d\u044b\u0435\u0441\u043e\u0433\u043b\u0430\u0441\u043d\u043e\u00a7 5 ECG:Neulinger Mitrofanova \u010ceovi\u0107 Rechtsanw\u00e4lte OG \u0423\u0447\u0430\u0441\u0442\u043d\u0438\u043a\u0438 \u043e\u0431\u0449\u0435\u0441\u0442\u0432\u0430 \u0441 \u043f\u0440\u0430\u0432\u043e\u043c \u0435\u0434\u0438\u043d\u043e\u043b\u0438\u0447\u043d\u043e\u0433\u043e \u043f\u0440\u0435\u0434\u0441\u0442\u0430\u0432\u0438\u0442\u0435\u043b\u044c\u0441\u0442\u0432\u0430\u0414\u0440.&nbsp;\u0410\u043d\u0442\u043e\u043d \u041d\u043e\u0439\u043b\u0438\u043d\u0433\u0435\u0440\u0414\u0440. \u0410\u043d\u0430\u0441\u0442\u0430\u0441\u0438\u044f \u041c\u0438\u0442\u0440\u043e\u0444\u0430\u043d\u043e\u0432\u0430\u0414\u0440. \u0414\u0430\u0432\u043e\u0440\u043a\u0430 \u0427\u0435\u043e\u0432\u0438\u0447 Taborsta\u00dfe 11BA-1020&nbsp;Wien \u0422\u0435\u043b\u0435\u0444\u043e\u043d: +43 1 2350342\u0424\u0430\u043a\u0441: +43 1 235034210\u041c\u043e\u0431\u0438\u043b\u044c\u043d\u044b\u0439: +43 660 2350341E-Mail: office@nmc-anwaelte.at FN:\u00a0349261w\u00a0Handelsgericht WienDVR:\u00a04002857UID:\u00a0ATU65850037 \u041a\u043e\u043b\u043b\u0435\u0433\u0438\u044f \u0430\u0434\u0432\u043e\u043a\u0430\u0442\u043e\u0432 \u0432 \u0412\u0435\u043d\u0435, \u0410\u0432\u0441\u0442\u0440\u0438\u044f\u041f\u0440\u043e\u0444\u0435\u0441\u0441\u0438\u043e\u043d\u0430\u043b\u044c\u043d\u043e-\u043f\u0440\u0430\u0432\u043e\u0432\u044b\u0435 \u043f\u0440\u0435\u0434\u043f\u0438\u0441\u0430\u043d\u0438\u044f \u0412\u044b \u0441\u043c\u043e\u0436\u0435\u0442\u0435 \u043d\u0430\u0439\u0442\u0438 \u043f\u043e \u0441\u0441\u044b\u043b\u043a\u0435: http:\/\/www.oerak.at\/ \u041e\u0442\u0432\u0435\u0442\u0441\u0442\u0432\u0435\u043d\u043d\u044b\u043c, \u0441\u043e\u0433\u043b\u0430\u0441\u043d\u043e \u0440\u0435\u0433\u043b\u0430\u043c\u0435\u043d\u0442\u0430 \u043f\u043e \u0437\u0430\u0449\u0438\u0442\u0435 \u0434\u0430\u043d\u043d\u044b\u0445 (DGSVO), \u044f\u0432\u043b\u044f\u0435\u0442\u0441\u044f Neulinger Mitrofanova [&hellip;]<\/p>\n","protected":false},"author":1,"featured_media":0,"parent":0,"menu_order":0,"comment_status":"closed","ping_status":"closed","template":"","meta":{"footnotes":""},"class_list":["post-507","page","type-page","status-publish","hentry"],"_links":{"self":[{"href":"https:\/\/www.nmc-anwaelte.at\/ru\/wp-json\/wp\/v2\/pages\/507","targetHints":{"allow":["GET"]}}],"collection":[{"href":"https:\/\/www.nmc-anwaelte.at\/ru\/wp-json\/wp\/v2\/pages"}],"about":[{"href":"https:\/\/www.nmc-anwaelte.at\/ru\/wp-json\/wp\/v2\/types\/page"}],"author":[{"embeddable":true,"href":"https:\/\/www.nmc-anwaelte.at\/ru\/wp-json\/wp\/v2\/users\/1"}],"replies":[{"embeddable":true,"href":"https:\/\/www.nmc-anwaelte.at\/ru\/wp-json\/wp\/v2\/comments?post=507"}],"version-history":[{"count":16,"href":"https:\/\/www.nmc-anwaelte.at\/ru\/wp-json\/wp\/v2\/pages\/507\/revisions"}],"predecessor-version":[{"id":956,"href":"https:\/\/www.nmc-anwaelte.at\/ru\/wp-json\/wp\/v2\/pages\/507\/revisions\/956"}],"wp:attachment":[{"href":"https:\/\/www.nmc-anwaelte.at\/ru\/wp-json\/wp\/v2\/media?parent=507"}],"curies":[{"name":"wp","href":"https:\/\/api.w.org\/{rel}","templated":true}]}}