{"id":107,"date":"2018-11-14T15:03:58","date_gmt":"2018-11-14T14:03:58","guid":{"rendered":"https:\/\/www.nmc-anwaelte.at\/?page_id=107"},"modified":"2022-10-24T09:35:51","modified_gmt":"2022-10-24T07:35:51","slug":"kontakt","status":"publish","type":"page","link":"https:\/\/www.nmc-anwaelte.at\/sr\/kontakt\/","title":{"rendered":"Kontakt"},"content":{"rendered":"\t\t<div data-elementor-type=\"wp-post\" data-elementor-id=\"107\" class=\"elementor elementor-107 elementor-93\" data-elementor-post-type=\"page\">\n\t\t\t\t\t\t<section class=\"elementor-section elementor-top-section elementor-element elementor-element-364cbcdf elementor-section-boxed elementor-section-height-default elementor-section-height-default\" data-id=\"364cbcdf\" data-element_type=\"section\" data-settings=\"{&quot;background_background&quot;:&quot;classic&quot;}\">\n\t\t\t\t\t\t<div class=\"elementor-container elementor-column-gap-default\">\n\t\t\t\t\t<div class=\"elementor-column elementor-col-50 elementor-top-column elementor-element elementor-element-57f2faf0\" data-id=\"57f2faf0\" data-element_type=\"column\">\n\t\t\t<div class=\"elementor-widget-wrap elementor-element-populated\">\n\t\t\t\t\t\t<div class=\"elementor-element elementor-element-3019a6cc elementor-widget elementor-widget-heading\" data-id=\"3019a6cc\" data-element_type=\"widget\" data-widget_type=\"heading.default\">\n\t\t\t\t<div class=\"elementor-widget-container\">\n\t\t\t\t\t<h2 class=\"elementor-heading-title elementor-size-xl\"><strong>Neulinger <br>Mitrofanova <br>\u010ceovi\u0107 <\/strong><br>Rechtsanw\u00e4lte <br>OG<\/h2>\t\t\t\t<\/div>\n\t\t\t\t<\/div>\n\t\t\t\t\t<\/div>\n\t\t<\/div>\n\t\t\t\t<div class=\"elementor-column elementor-col-50 elementor-top-column elementor-element elementor-element-13bb4226\" data-id=\"13bb4226\" data-element_type=\"column\">\n\t\t\t<div class=\"elementor-widget-wrap elementor-element-populated\">\n\t\t\t\t\t\t<div class=\"elementor-element elementor-element-3e53d9f elementor-widget elementor-widget-text-editor\" data-id=\"3e53d9f\" data-element_type=\"widget\" data-widget_type=\"text-editor.default\">\n\t\t\t\t<div class=\"elementor-widget-container\">\n\t\t\t\t\t\t\t\t\t<p>Taborsta\u00dfe 11B<br \/>A-1020 Wien<\/p>\n<p><strong>Telefon:<\/strong> +43 1 2350342<br \/><strong>Fax:<\/strong> +43 1 235034210<br \/><strong>Mobiltelefon der Kanzlei:<\/strong> +43 660 2350341<br \/><strong>E-Mail:<\/strong> office@nmc-anwaelte.at<\/p>\n<p><strong>Sie erreichen uns:<\/strong><br \/>Montag bis Donnerstag: 8:30 bis 17:30 Uhr<br \/>Freitag: 8:30 bis 14:30 Uhr<\/p>\n\t\t\t\t\t\t\t\t<\/div>\n\t\t\t\t<\/div>\n\t\t\t\t<div class=\"elementor-element elementor-element-2100cdf3 elementor-widget elementor-widget-text-editor\" data-id=\"2100cdf3\" data-element_type=\"widget\" data-widget_type=\"text-editor.default\">\n\t\t\t\t<div class=\"elementor-widget-container\">\n\t\t\t\t\t\t\t\t\t<p>Selbstverst\u00e4ndlich bieten wir nach telefonischer Vereinbarung auch Termine au\u00dferhalb unserer Kanzlei\u00f6ffnungszeiten an. Auch zu den \u00fcblichen Urlaubszeiten im Sommer und im Winter stehen wir zur Verf\u00fcgung.\u00a0<\/p>\n\t\t\t\t\t\t\t\t<\/div>\n\t\t\t\t<\/div>\n\t\t\t\t\t<\/div>\n\t\t<\/div>\n\t\t\t\t\t<\/div>\n\t\t<\/section>\n\t\t\t\t<\/div>\n\t\t","protected":false},"excerpt":{"rendered":"<p>Neulinger Mitrofanova \u010ceovi\u0107 Rechtsanw\u00e4lte OG Taborsta\u00dfe 11BA-1020 Wien Telefon: +43 1 2350342Fax: +43 1 235034210Mobiltelefon der Kanzlei: +43 660 2350341E-Mail: office@nmc-anwaelte.at Sie erreichen uns:Montag bis Donnerstag: 8:30 bis 17:30 UhrFreitag: 8:30 bis 14:30 Uhr Selbstverst\u00e4ndlich bieten wir nach telefonischer Vereinbarung auch Termine au\u00dferhalb unserer Kanzlei\u00f6ffnungszeiten an. Auch zu den \u00fcblichen Urlaubszeiten im Sommer und im [&hellip;]<\/p>\n","protected":false},"author":1,"featured_media":0,"parent":0,"menu_order":0,"comment_status":"closed","ping_status":"closed","template":"","meta":{"footnotes":""},"class_list":["post-107","page","type-page","status-publish","hentry"],"_links":{"self":[{"href":"https:\/\/www.nmc-anwaelte.at\/sr\/wp-json\/wp\/v2\/pages\/107","targetHints":{"allow":["GET"]}}],"collection":[{"href":"https:\/\/www.nmc-anwaelte.at\/sr\/wp-json\/wp\/v2\/pages"}],"about":[{"href":"https:\/\/www.nmc-anwaelte.at\/sr\/wp-json\/wp\/v2\/types\/page"}],"author":[{"embeddable":true,"href":"https:\/\/www.nmc-anwaelte.at\/sr\/wp-json\/wp\/v2\/users\/1"}],"replies":[{"embeddable":true,"href":"https:\/\/www.nmc-anwaelte.at\/sr\/wp-json\/wp\/v2\/comments?post=107"}],"version-history":[{"count":13,"href":"https:\/\/www.nmc-anwaelte.at\/sr\/wp-json\/wp\/v2\/pages\/107\/revisions"}],"predecessor-version":[{"id":1043,"href":"https:\/\/www.nmc-anwaelte.at\/sr\/wp-json\/wp\/v2\/pages\/107\/revisions\/1043"}],"wp:attachment":[{"href":"https:\/\/www.nmc-anwaelte.at\/sr\/wp-json\/wp\/v2\/media?parent=107"}],"curies":[{"name":"wp","href":"https:\/\/api.w.org\/{rel}","templated":true}]}}