{"id":119,"date":"2018-11-14T15:03:17","date_gmt":"2018-11-14T14:03:17","guid":{"rendered":"https:\/\/www.nmc-anwaelte.at\/?page_id=119"},"modified":"2018-11-21T18:48:20","modified_gmt":"2018-11-21T17:48:20","slug":"honorar","status":"publish","type":"page","link":"https:\/\/www.nmc-anwaelte.at\/sr\/honorar\/","title":{"rendered":"Honorar"},"content":{"rendered":"\t\t<div data-elementor-type=\"wp-post\" data-elementor-id=\"119\" class=\"elementor elementor-119 elementor-89 elementor-bc-flex-widget\" data-elementor-post-type=\"page\">\n\t\t\t\t\t\t<section class=\"elementor-section elementor-top-section elementor-element elementor-element-56e314cb elementor-section-boxed elementor-section-height-default elementor-section-height-default\" data-id=\"56e314cb\" data-element_type=\"section\" data-settings=\"{&quot;background_background&quot;:&quot;classic&quot;}\">\n\t\t\t\t\t\t<div class=\"elementor-container elementor-column-gap-default\">\n\t\t\t\t\t<div class=\"elementor-column elementor-col-50 elementor-top-column elementor-element elementor-element-24974bec\" data-id=\"24974bec\" data-element_type=\"column\">\n\t\t\t<div class=\"elementor-widget-wrap elementor-element-populated\">\n\t\t\t\t\t\t<div class=\"elementor-element elementor-element-2bddb207 elementor-widget elementor-widget-heading\" data-id=\"2bddb207\" data-element_type=\"widget\" data-widget_type=\"heading.default\">\n\t\t\t\t<div class=\"elementor-widget-container\">\n\t\t\t\t\t<h2 class=\"elementor-heading-title elementor-size-xl\"><strong>Obra\u010dun<\/strong> svih honorara prikazan je na na\u010din koji je <strong>razumljiv<\/strong> i <strong>transparentan<\/strong>.<\/h2>\t\t\t\t<\/div>\n\t\t\t\t<\/div>\n\t\t\t\t\t<\/div>\n\t\t<\/div>\n\t\t\t\t<div class=\"elementor-column elementor-col-50 elementor-top-column elementor-element elementor-element-158f7076\" data-id=\"158f7076\" data-element_type=\"column\">\n\t\t\t<div class=\"elementor-widget-wrap elementor-element-populated\">\n\t\t\t\t\t\t<div class=\"elementor-element elementor-element-57389b76 elementor-widget elementor-widget-text-editor\" data-id=\"57389b76\" data-element_type=\"widget\" data-widget_type=\"text-editor.default\">\n\t\t\t\t<div class=\"elementor-widget-container\">\n\t\t\t\t\t\t\t\t\tSvaki slu\u010daj je individualan &#8211; nema dva ista, tako da na\u0161a kancelarija nudi vi\u0161e opcija za naplatu honorara:\n<ul>\n \t<li>prema jedinstvenoj tarifnoj stopi<\/li>\n \t<li>prema pojedinim uslugama shodno advokatskoj tarifi <\/li>\n \t<li>na bazi satnice<\/li>\n \t<li>pau\u0161alni honorar<\/li>\n<\/ul>\nVeoma nam je va\u017eno zadovoljstvo na\u0161ih klijenata.\t\t\t\t\t\t\t\t<\/div>\n\t\t\t\t<\/div>\n\t\t\t\t\t<\/div>\n\t\t<\/div>\n\t\t\t\t\t<\/div>\n\t\t<\/section>\n\t\t\t\t<\/div>\n\t\t","protected":false},"excerpt":{"rendered":"<p>Obra\u010dun svih honorara prikazan je na na\u010din koji je razumljiv i transparentan. Svaki slu\u010daj je individualan &#8211; nema dva ista, tako da na\u0161a kancelarija nudi vi\u0161e opcija za naplatu honorara: prema jedinstvenoj tarifnoj stopi prema pojedinim uslugama shodno advokatskoj tarifi na bazi satnice pau\u0161alni honorar Veoma nam je va\u017eno zadovoljstvo na\u0161ih klijenata.<\/p>\n","protected":false},"author":1,"featured_media":0,"parent":0,"menu_order":0,"comment_status":"closed","ping_status":"closed","template":"","meta":{"footnotes":""},"class_list":["post-119","page","type-page","status-publish","hentry"],"_links":{"self":[{"href":"https:\/\/www.nmc-anwaelte.at\/sr\/wp-json\/wp\/v2\/pages\/119","targetHints":{"allow":["GET"]}}],"collection":[{"href":"https:\/\/www.nmc-anwaelte.at\/sr\/wp-json\/wp\/v2\/pages"}],"about":[{"href":"https:\/\/www.nmc-anwaelte.at\/sr\/wp-json\/wp\/v2\/types\/page"}],"author":[{"embeddable":true,"href":"https:\/\/www.nmc-anwaelte.at\/sr\/wp-json\/wp\/v2\/users\/1"}],"replies":[{"embeddable":true,"href":"https:\/\/www.nmc-anwaelte.at\/sr\/wp-json\/wp\/v2\/comments?post=119"}],"version-history":[{"count":13,"href":"https:\/\/www.nmc-anwaelte.at\/sr\/wp-json\/wp\/v2\/pages\/119\/revisions"}],"predecessor-version":[{"id":816,"href":"https:\/\/www.nmc-anwaelte.at\/sr\/wp-json\/wp\/v2\/pages\/119\/revisions\/816"}],"wp:attachment":[{"href":"https:\/\/www.nmc-anwaelte.at\/sr\/wp-json\/wp\/v2\/media?parent=119"}],"curies":[{"name":"wp","href":"https:\/\/api.w.org\/{rel}","templated":true}]}}