{"id":31,"date":"2018-11-14T12:21:55","date_gmt":"2018-11-14T11:21:55","guid":{"rendered":"https:\/\/www.nmc-anwaelte.at\/?page_id=31"},"modified":"2018-11-21T18:44:46","modified_gmt":"2018-11-21T17:44:46","slug":"o-nama","status":"publish","type":"page","link":"https:\/\/www.nmc-anwaelte.at\/sr\/o-nama\/","title":{"rendered":"O nama"},"content":{"rendered":"\t\t<div data-elementor-type=\"wp-post\" data-elementor-id=\"31\" class=\"elementor elementor-31 elementor-25 elementor-bc-flex-widget\" data-elementor-post-type=\"page\">\n\t\t\t\t\t\t<section class=\"elementor-section elementor-top-section elementor-element elementor-element-c5a3759 elementor-section-boxed elementor-section-height-default elementor-section-height-default\" data-id=\"c5a3759\" data-element_type=\"section\" data-settings=\"{&quot;background_background&quot;:&quot;classic&quot;}\">\n\t\t\t\t\t\t<div class=\"elementor-container elementor-column-gap-default\">\n\t\t\t\t\t<div class=\"elementor-column elementor-col-50 elementor-top-column elementor-element elementor-element-79002bd\" data-id=\"79002bd\" data-element_type=\"column\">\n\t\t\t<div class=\"elementor-widget-wrap elementor-element-populated\">\n\t\t\t\t\t\t<div class=\"elementor-element elementor-element-60aa976 elementor-widget elementor-widget-heading\" data-id=\"60aa976\" data-element_type=\"widget\" data-widget_type=\"heading.default\">\n\t\t\t\t<div class=\"elementor-widget-container\">\n\t\t\t\t\t<h2 class=\"elementor-heading-title elementor-size-xl\"><strong>Uvek s Vama - <\/strong><br>\n<strong>sigurno<\/strong> kroz <br>\npropise i <br>\nzakone <br>\n<strong>s nama!<\/strong><\/h2>\t\t\t\t<\/div>\n\t\t\t\t<\/div>\n\t\t\t\t\t<\/div>\n\t\t<\/div>\n\t\t\t\t<div class=\"elementor-column elementor-col-50 elementor-top-column elementor-element elementor-element-dab4e93\" data-id=\"dab4e93\" data-element_type=\"column\">\n\t\t\t<div class=\"elementor-widget-wrap elementor-element-populated\">\n\t\t\t\t\t\t<div class=\"elementor-element elementor-element-87d670a elementor-widget elementor-widget-text-editor\" data-id=\"87d670a\" data-element_type=\"widget\" data-widget_type=\"text-editor.default\">\n\t\t\t\t<div class=\"elementor-widget-container\">\n\t\t\t\t\t\t\t\t\t<p>Na\u0161u kancelariju \u010dini iskusan i motivisan tim od tri advokata s razli\u010ditim profesionalnim podru\u010djima rada. Mo\u017eete nas kontaktirati i osloniti se na na\u0161 stru\u010dni savet i nadle\u017enost ako imate pitanja iz pravnog podru\u010dja. Nudimo Vam \u0161irok spektar re\u0161enja, kako u oblasti preduzetni\u0161tva, tako i u pravnim pitanjima svakodnevnog \u017eivota.<\/p><p>Da li \u017eivite ili imate kompaniju u inostranstvu i potrebna vam je pravna podr\u0161ka za osobu ili kompaniju iz Austrije? Na\u0161e stru\u010dno mi\u0161ljenje u ovim slu\u010dajevima vam je tako\u0111e na raspolaganju. Ako niste u mogu\u0107nosti da nas posetite li\u010dno, mi smo na raspolaganju za saradnju i putem razli\u010ditih kanala komunikacije.<\/p><p>Osnova komunikacije le\u017ei u pisanoj i izgovorenoj re\u010di. Pravno savetovanje u na\u0161oj kancelariji je mogu\u0107e na nema\u010dkom, engleskom, ruskom, srpskom, hrvatskom i bosanskom jeziku<b>.<\/b><\/p>\t\t\t\t\t\t\t\t<\/div>\n\t\t\t\t<\/div>\n\t\t\t\t\t<\/div>\n\t\t<\/div>\n\t\t\t\t\t<\/div>\n\t\t<\/section>\n\t\t\t\t<\/div>\n\t\t","protected":false},"excerpt":{"rendered":"<p>Uvek s Vama &#8211; sigurno kroz propise i zakone s nama! Na\u0161u kancelariju \u010dini iskusan i motivisan tim od tri advokata s razli\u010ditim profesionalnim podru\u010djima rada. Mo\u017eete nas kontaktirati i osloniti se na na\u0161 stru\u010dni savet i nadle\u017enost ako imate pitanja iz pravnog podru\u010dja. Nudimo Vam \u0161irok spektar re\u0161enja, kako u oblasti preduzetni\u0161tva, tako i [&hellip;]<\/p>\n","protected":false},"author":1,"featured_media":0,"parent":0,"menu_order":0,"comment_status":"closed","ping_status":"closed","template":"","meta":{"footnotes":""},"class_list":["post-31","page","type-page","status-publish","hentry"],"_links":{"self":[{"href":"https:\/\/www.nmc-anwaelte.at\/sr\/wp-json\/wp\/v2\/pages\/31","targetHints":{"allow":["GET"]}}],"collection":[{"href":"https:\/\/www.nmc-anwaelte.at\/sr\/wp-json\/wp\/v2\/pages"}],"about":[{"href":"https:\/\/www.nmc-anwaelte.at\/sr\/wp-json\/wp\/v2\/types\/page"}],"author":[{"embeddable":true,"href":"https:\/\/www.nmc-anwaelte.at\/sr\/wp-json\/wp\/v2\/users\/1"}],"replies":[{"embeddable":true,"href":"https:\/\/www.nmc-anwaelte.at\/sr\/wp-json\/wp\/v2\/comments?post=31"}],"version-history":[{"count":17,"href":"https:\/\/www.nmc-anwaelte.at\/sr\/wp-json\/wp\/v2\/pages\/31\/revisions"}],"predecessor-version":[{"id":815,"href":"https:\/\/www.nmc-anwaelte.at\/sr\/wp-json\/wp\/v2\/pages\/31\/revisions\/815"}],"wp:attachment":[{"href":"https:\/\/www.nmc-anwaelte.at\/sr\/wp-json\/wp\/v2\/media?parent=31"}],"curies":[{"name":"wp","href":"https:\/\/api.w.org\/{rel}","templated":true}]}}