{"id":470,"date":"2018-11-15T22:50:19","date_gmt":"2018-11-15T21:50:19","guid":{"rendered":"http:\/\/nmc.invinity.at\/rechtsanwaelte\/"},"modified":"2020-06-24T17:53:55","modified_gmt":"2020-06-24T15:53:55","slug":"advokati","status":"publish","type":"page","link":"https:\/\/www.nmc-anwaelte.at\/sr\/advokati\/","title":{"rendered":"Advokati"},"content":{"rendered":"\t\t<div data-elementor-type=\"wp-post\" data-elementor-id=\"470\" class=\"elementor elementor-470 elementor-361\" data-elementor-post-type=\"page\">\n\t\t\t\t\t\t<section class=\"elementor-section elementor-top-section elementor-element elementor-element-068890e elementor-section-boxed elementor-section-height-default elementor-section-height-default\" data-id=\"068890e\" data-element_type=\"section\" data-settings=\"{&quot;background_background&quot;:&quot;classic&quot;}\">\n\t\t\t\t\t\t<div class=\"elementor-container elementor-column-gap-no\">\n\t\t\t\t\t<div class=\"elementor-column elementor-col-50 elementor-top-column elementor-element elementor-element-eed30d6\" data-id=\"eed30d6\" data-element_type=\"column\" data-settings=\"{&quot;background_background&quot;:&quot;classic&quot;}\">\n\t\t\t<div class=\"elementor-widget-wrap elementor-element-populated\">\n\t\t\t\t\t\t<div class=\"elementor-element elementor-element-7d3bd59 elementor-widget elementor-widget-heading\" data-id=\"7d3bd59\" data-element_type=\"widget\" data-widget_type=\"heading.default\">\n\t\t\t\t<div class=\"elementor-widget-container\">\n\t\t\t\t\t<h2 class=\"elementor-heading-title elementor-size-xl\"><strong>Dr. Davorka<div>\u010ceovi\u0107<\/div><\/strong><\/h2>\t\t\t\t<\/div>\n\t\t\t\t<\/div>\n\t\t\t\t<div class=\"elementor-element elementor-element-2f304b8 elementor-widget elementor-widget-text-editor\" data-id=\"2f304b8\" data-element_type=\"widget\" data-widget_type=\"text-editor.default\">\n\t\t\t\t<div class=\"elementor-widget-container\">\n\t\t\t\t\t\t\t\t\t<p>Ro\u0111. 1974. u Konjicu, Bosna i Hercegovina<br \/>Advokat od 2010. godine<\/p><p><strong>Jezici: <\/strong><br \/><strong>nema\u010dki, engleski, srpski, hrvatski i bosanski<\/strong><\/p>\t\t\t\t\t\t\t\t<\/div>\n\t\t\t\t<\/div>\n\t\t\t\t\t<\/div>\n\t\t<\/div>\n\t\t\t\t<div class=\"elementor-column elementor-col-50 elementor-top-column elementor-element elementor-element-eb5fa1b\" data-id=\"eb5fa1b\" data-element_type=\"column\">\n\t\t\t<div class=\"elementor-widget-wrap elementor-element-populated\">\n\t\t\t\t\t\t<div class=\"elementor-element elementor-element-726771f elementor-widget elementor-widget-image\" data-id=\"726771f\" data-element_type=\"widget\" data-widget_type=\"image.default\">\n\t\t\t\t<div class=\"elementor-widget-container\">\n\t\t\t\t\t\t\t\t\t\t\t\t\t\t\t<img fetchpriority=\"high\" decoding=\"async\" width=\"437\" height=\"491\" src=\"https:\/\/www.nmc-anwaelte.at\/wp-content\/uploads\/2018\/11\/dr-davorka-situm-ceovic.png\" class=\"attachment-large size-large wp-image-352\" alt=\"\" srcset=\"https:\/\/www.nmc-anwaelte.at\/wp-content\/uploads\/2018\/11\/dr-davorka-situm-ceovic.png 437w, https:\/\/www.nmc-anwaelte.at\/wp-content\/uploads\/2018\/11\/dr-davorka-situm-ceovic-267x300.png 267w\" sizes=\"(max-width: 437px) 100vw, 437px\" \/>\t\t\t\t\t\t\t\t\t\t\t\t\t\t\t<\/div>\n\t\t\t\t<\/div>\n\t\t\t\t\t<\/div>\n\t\t<\/div>\n\t\t\t\t\t<\/div>\n\t\t<\/section>\n\t\t\t\t<section class=\"elementor-section elementor-top-section elementor-element elementor-element-9b65ac0 elementor-section-boxed elementor-section-height-default elementor-section-height-default\" data-id=\"9b65ac0\" data-element_type=\"section\" data-settings=\"{&quot;background_background&quot;:&quot;classic&quot;}\">\n\t\t\t\t\t\t<div class=\"elementor-container elementor-column-gap-no\">\n\t\t\t\t\t<div class=\"elementor-column elementor-col-50 elementor-top-column elementor-element elementor-element-a04c745\" data-id=\"a04c745\" data-element_type=\"column\" data-settings=\"{&quot;background_background&quot;:&quot;classic&quot;}\">\n\t\t\t<div class=\"elementor-widget-wrap elementor-element-populated\">\n\t\t\t\t\t\t<div class=\"elementor-element elementor-element-e7bb8cf elementor-widget elementor-widget-heading\" data-id=\"e7bb8cf\" data-element_type=\"widget\" data-widget_type=\"heading.default\">\n\t\t\t\t<div class=\"elementor-widget-container\">\n\t\t\t\t\t<h2 class=\"elementor-heading-title elementor-size-xl\"><strong>Dr. Anton<div>Neulinger<\/div><\/strong><\/h2>\t\t\t\t<\/div>\n\t\t\t\t<\/div>\n\t\t\t\t<div class=\"elementor-element elementor-element-21ade01 elementor-widget elementor-widget-text-editor\" data-id=\"21ade01\" data-element_type=\"widget\" data-widget_type=\"text-editor.default\">\n\t\t\t\t<div class=\"elementor-widget-container\">\n\t\t\t\t\t\t\t\t\t<p>Ro\u0111. 1978. u Be\u010du, Austrija<br \/>Advokat od 2009. godine<\/p><p><strong>Jezici: <\/strong><br \/><strong>\u2028nema\u010dki i engleski<\/strong><\/p>\t\t\t\t\t\t\t\t<\/div>\n\t\t\t\t<\/div>\n\t\t\t\t\t<\/div>\n\t\t<\/div>\n\t\t\t\t<div class=\"elementor-column elementor-col-50 elementor-top-column elementor-element elementor-element-bc67bef\" data-id=\"bc67bef\" data-element_type=\"column\">\n\t\t\t<div class=\"elementor-widget-wrap elementor-element-populated\">\n\t\t\t\t\t\t<div class=\"elementor-element elementor-element-9334dff elementor-widget elementor-widget-image\" data-id=\"9334dff\" data-element_type=\"widget\" data-widget_type=\"image.default\">\n\t\t\t\t<div class=\"elementor-widget-container\">\n\t\t\t\t\t\t\t\t\t\t\t\t\t\t\t<img decoding=\"async\" width=\"597\" height=\"500\" src=\"https:\/\/www.nmc-anwaelte.at\/wp-content\/uploads\/2018\/11\/mag-anton-neulinger.png\" class=\"attachment-large size-large wp-image-348\" alt=\"\" srcset=\"https:\/\/www.nmc-anwaelte.at\/wp-content\/uploads\/2018\/11\/mag-anton-neulinger.png 597w, https:\/\/www.nmc-anwaelte.at\/wp-content\/uploads\/2018\/11\/mag-anton-neulinger-300x251.png 300w\" sizes=\"(max-width: 597px) 100vw, 597px\" \/>\t\t\t\t\t\t\t\t\t\t\t\t\t\t\t<\/div>\n\t\t\t\t<\/div>\n\t\t\t\t\t<\/div>\n\t\t<\/div>\n\t\t\t\t\t<\/div>\n\t\t<\/section>\n\t\t\t\t<section class=\"elementor-section elementor-top-section elementor-element elementor-element-5129881c elementor-section-boxed elementor-section-height-default elementor-section-height-default\" data-id=\"5129881c\" data-element_type=\"section\" data-settings=\"{&quot;background_background&quot;:&quot;classic&quot;}\">\n\t\t\t\t\t\t<div class=\"elementor-container elementor-column-gap-no\">\n\t\t\t\t\t<div class=\"elementor-column elementor-col-50 elementor-top-column elementor-element elementor-element-dc5ace7\" data-id=\"dc5ace7\" data-element_type=\"column\" data-settings=\"{&quot;background_background&quot;:&quot;classic&quot;}\">\n\t\t\t<div class=\"elementor-widget-wrap elementor-element-populated\">\n\t\t\t\t\t\t<div class=\"elementor-element elementor-element-b5d6025 elementor-widget elementor-widget-heading\" data-id=\"b5d6025\" data-element_type=\"widget\" data-widget_type=\"heading.default\">\n\t\t\t\t<div class=\"elementor-widget-container\">\n\t\t\t\t\t<h2 class=\"elementor-heading-title elementor-size-xl\"><strong>Dr. Anastasia<div>Mitrofanova<\/div><\/strong><\/h2>\t\t\t\t<\/div>\n\t\t\t\t<\/div>\n\t\t\t\t<div class=\"elementor-element elementor-element-62c9d4db elementor-widget elementor-widget-text-editor\" data-id=\"62c9d4db\" data-element_type=\"widget\" data-widget_type=\"text-editor.default\">\n\t\t\t\t<div class=\"elementor-widget-container\">\n\t\t\t\t\t\t\t\t\t<p>Ro\u0111. 1977. u \u010celjabinsku, Ruska Federacija<br \/>Advokat od 2011. godine<\/p><p><strong>Jezici: <\/strong><br \/><strong>nema\u010dki i ruski<\/strong><\/p>\t\t\t\t\t\t\t\t<\/div>\n\t\t\t\t<\/div>\n\t\t\t\t\t<\/div>\n\t\t<\/div>\n\t\t\t\t<div class=\"elementor-column elementor-col-50 elementor-top-column elementor-element elementor-element-c008afa\" data-id=\"c008afa\" data-element_type=\"column\">\n\t\t\t<div class=\"elementor-widget-wrap elementor-element-populated\">\n\t\t\t\t\t\t<div class=\"elementor-element elementor-element-9d2da76 elementor-widget elementor-widget-image\" data-id=\"9d2da76\" data-element_type=\"widget\" data-widget_type=\"image.default\">\n\t\t\t\t<div class=\"elementor-widget-container\">\n\t\t\t\t\t\t\t\t\t\t\t\t\t\t\t<img decoding=\"async\" width=\"471\" height=\"500\" src=\"https:\/\/www.nmc-anwaelte.at\/wp-content\/uploads\/2018\/11\/dr-anastasia-mitrofanova.png\" class=\"attachment-large size-large wp-image-344\" alt=\"\" srcset=\"https:\/\/www.nmc-anwaelte.at\/wp-content\/uploads\/2018\/11\/dr-anastasia-mitrofanova.png 471w, https:\/\/www.nmc-anwaelte.at\/wp-content\/uploads\/2018\/11\/dr-anastasia-mitrofanova-283x300.png 283w\" sizes=\"(max-width: 471px) 100vw, 471px\" \/>\t\t\t\t\t\t\t\t\t\t\t\t\t\t\t<\/div>\n\t\t\t\t<\/div>\n\t\t\t\t\t<\/div>\n\t\t<\/div>\n\t\t\t\t\t<\/div>\n\t\t<\/section>\n\t\t\t\t<\/div>\n\t\t","protected":false},"excerpt":{"rendered":"<p>Dr. Davorka\u010ceovi\u0107 Ro\u0111. 1974. u Konjicu, Bosna i HercegovinaAdvokat od 2010. godine Jezici: nema\u010dki, engleski, srpski, hrvatski i bosanski Dr. AntonNeulinger Ro\u0111. 1978. u Be\u010du, AustrijaAdvokat od 2009. godine Jezici: \u2028nema\u010dki i engleski Dr. AnastasiaMitrofanova Ro\u0111. 1977. u \u010celjabinsku, Ruska FederacijaAdvokat od 2011. godine Jezici: nema\u010dki i ruski<\/p>\n","protected":false},"author":1,"featured_media":0,"parent":0,"menu_order":0,"comment_status":"closed","ping_status":"closed","template":"","meta":{"footnotes":""},"class_list":["post-470","page","type-page","status-publish","hentry"],"_links":{"self":[{"href":"https:\/\/www.nmc-anwaelte.at\/sr\/wp-json\/wp\/v2\/pages\/470","targetHints":{"allow":["GET"]}}],"collection":[{"href":"https:\/\/www.nmc-anwaelte.at\/sr\/wp-json\/wp\/v2\/pages"}],"about":[{"href":"https:\/\/www.nmc-anwaelte.at\/sr\/wp-json\/wp\/v2\/types\/page"}],"author":[{"embeddable":true,"href":"https:\/\/www.nmc-anwaelte.at\/sr\/wp-json\/wp\/v2\/users\/1"}],"replies":[{"embeddable":true,"href":"https:\/\/www.nmc-anwaelte.at\/sr\/wp-json\/wp\/v2\/comments?post=470"}],"version-history":[{"count":11,"href":"https:\/\/www.nmc-anwaelte.at\/sr\/wp-json\/wp\/v2\/pages\/470\/revisions"}],"predecessor-version":[{"id":945,"href":"https:\/\/www.nmc-anwaelte.at\/sr\/wp-json\/wp\/v2\/pages\/470\/revisions\/945"}],"wp:attachment":[{"href":"https:\/\/www.nmc-anwaelte.at\/sr\/wp-json\/wp\/v2\/media?parent=470"}],"curies":[{"name":"wp","href":"https:\/\/api.w.org\/{rel}","templated":true}]}}