{"id":502,"date":"2018-11-16T01:38:31","date_gmt":"2018-11-16T00:38:31","guid":{"rendered":"http:\/\/nmc.invinity.at\/impresum-i-zastita-podataka\/"},"modified":"2021-01-22T09:58:49","modified_gmt":"2021-01-22T08:58:49","slug":"impresum-i-zastita-podataka","status":"publish","type":"page","link":"https:\/\/www.nmc-anwaelte.at\/sr\/impresum-i-zastita-podataka\/","title":{"rendered":"Impresum i za\u0161tita podataka"},"content":{"rendered":"\t\t<div data-elementor-type=\"wp-post\" data-elementor-id=\"502\" class=\"elementor elementor-502 elementor-248\" data-elementor-post-type=\"page\">\n\t\t\t\t\t\t<section class=\"elementor-section elementor-top-section elementor-element elementor-element-9f699aa elementor-section-boxed elementor-section-height-default elementor-section-height-default\" data-id=\"9f699aa\" data-element_type=\"section\" data-settings=\"{&quot;background_background&quot;:&quot;classic&quot;}\">\n\t\t\t\t\t\t<div class=\"elementor-container elementor-column-gap-default\">\n\t\t\t\t\t<div class=\"elementor-column elementor-col-50 elementor-top-column elementor-element elementor-element-8488671\" data-id=\"8488671\" data-element_type=\"column\">\n\t\t\t<div class=\"elementor-widget-wrap elementor-element-populated\">\n\t\t\t\t\t\t<div class=\"elementor-element elementor-element-3a45ee5 elementor-widget elementor-widget-heading\" data-id=\"3a45ee5\" data-element_type=\"widget\" data-widget_type=\"heading.default\">\n\t\t\t\t<div class=\"elementor-widget-container\">\n\t\t\t\t\t<h1 class=\"elementor-heading-title elementor-size-xl\">Informacije<br \/>u skladu s \u00a7 5 <br>ECG:<br><strong>Neulinger <br>Mitrofanova <br>\u010ceovi\u0107 <br>Rechtsanw\u00e4lte <br>OG<\/strong><\/h1>\t\t\t\t<\/div>\n\t\t\t\t<\/div>\n\t\t\t\t\t<\/div>\n\t\t<\/div>\n\t\t\t\t<div class=\"elementor-column elementor-col-50 elementor-top-column elementor-element elementor-element-932f3a9\" data-id=\"932f3a9\" data-element_type=\"column\">\n\t\t\t<div class=\"elementor-widget-wrap elementor-element-populated\">\n\t\t\t\t\t\t<div class=\"elementor-element elementor-element-2711f3b elementor-widget elementor-widget-text-editor\" data-id=\"2711f3b\" data-element_type=\"widget\" data-widget_type=\"text-editor.default\">\n\t\t\t\t<div class=\"elementor-widget-container\">\n\t\t\t\t\t\t\t\t\t<p><strong>\u010clanovi dru\u0161tva ovla\u0161teni za samostalno zastupanje:<br><\/strong>Dr.&nbsp;Anton Neulinger<br>Dr. Anastasia Mitrofanova<br>Dr. Davorka \u010ceovi\u0107<\/p>\n<p>Taborsta\u00dfe 11B<br>A-1020&nbsp;Be\u010d<\/p>\n<p><strong>Telefon:<\/strong> +43 1 2350342<br><strong>Fax:<\/strong> +43 1 235034210<br><strong>Mobilni telefon ureda:<\/strong>&nbsp;+43 660 2350341<br><strong>E-Mail:<\/strong> office@nmc-anwaelte.at<\/p>\t\t\t\t\t\t\t\t<\/div>\n\t\t\t\t<\/div>\n\t\t\t\t<div class=\"elementor-element elementor-element-f166443 elementor-widget elementor-widget-text-editor\" data-id=\"f166443\" data-element_type=\"widget\" data-widget_type=\"text-editor.default\">\n\t\t\t\t<div class=\"elementor-widget-container\">\n\t\t\t\t\t\t\t\t\t<p><strong>FN:<\/strong>\u00a0349261w\u00a0Trgova\u010dki sud Be\u010d<br \/><strong>DVR:<\/strong>\u00a04002857<br \/><strong>UID:<\/strong>\u00a0ATU65850037<\/p><p>Advokatska komora Be\u010d, Austrija<br \/>Zakon o\u00a0advokaturi, te odredbe struke mo\u017eete prona\u0107i na http:\/\/www.oerak.at\/<\/p><p>Nositelj odgovornosti u smislu Zakona o za\u0161titi li\u010dnih podataka (<b>DGSVO<\/b>) je Neulinger Mitrofanova \u010ceovi\u0107 Rechtsanvalte OG, 1020 Vien, Taborstra\u00dfe 11B. Slu\u017ebenik za za\u0161titu li\u010dnih podataka je Mag. Anton Neulinger.<\/p><p>Klijenti i korisnici imaju pravo pristupa informacijama, ispravkama, otkazivanju, ograni\u010davanju obrade, povla\u010denju odobrenja i prigovoru (<b>\u010dlanovi 15 do 21 DSGVO<\/b>).<\/p><p>Ukoliko je obrada podataka provedena temeljem saglasnosti klijenta i korisnika, isti saglasnost za obradu podataka imaju pravo da opozovu u bilo kom trenutku. Opoziv ne uti\u010de na zakonitost obrade koja je izvr\u0161ena na osnovu saglasnosti do poni\u0161tenja (\u010dlan 7, stav 3, DGSVO).<\/p><p>Pravo \u017ealbe postoji kod nadle\u017enog organa za za\u0161titu li\u010dnih podataka (\u00a7\u00a7 24ff DSG)<\/p><p>\u00a0<\/p><p><span style=\"font-size: 1.125rem;\"><span style=\"font-weight: bold;\">Webdevelopment<\/span><br \/><\/span><span style=\"font-size: 1.125rem;\">Ing. Vincent Sebastiaan Kooijman<br \/><\/span><a href=\"https:\/\/www.vincentkooijman.at\/en\/\" target=\"_blank\" rel=\"noopener\"><span style=\"font-size: 1.125rem;\">https:\/\/www.vincentkooijman.at\/en<\/span><\/a><\/p><p>\u00a0<\/p><p><strong>Design &amp; Art Direction<br \/><\/strong>Patrick Bauer<br \/><a href=\"http:\/\/www.patrickbauer.com\/\" target=\"_blank\" rel=\"noopener\">http:\/\/www.patrickbauer.com<\/a><\/p>\t\t\t\t\t\t\t\t<\/div>\n\t\t\t\t<\/div>\n\t\t\t\t\t<\/div>\n\t\t<\/div>\n\t\t\t\t\t<\/div>\n\t\t<\/section>\n\t\t\t\t<\/div>\n\t\t","protected":false},"excerpt":{"rendered":"<p>Informacijeu skladu s \u00a7 5 ECG:Neulinger Mitrofanova \u010ceovi\u0107 Rechtsanw\u00e4lte OG \u010clanovi dru\u0161tva ovla\u0161teni za samostalno zastupanje:Dr.&nbsp;Anton NeulingerDr. Anastasia MitrofanovaDr. Davorka \u010ceovi\u0107 Taborsta\u00dfe 11BA-1020&nbsp;Be\u010d Telefon: +43 1 2350342Fax: +43 1 235034210Mobilni telefon ureda:&nbsp;+43 660 2350341E-Mail: office@nmc-anwaelte.at FN:\u00a0349261w\u00a0Trgova\u010dki sud Be\u010dDVR:\u00a04002857UID:\u00a0ATU65850037 Advokatska komora Be\u010d, AustrijaZakon o\u00a0advokaturi, te odredbe struke mo\u017eete prona\u0107i na http:\/\/www.oerak.at\/ Nositelj odgovornosti u smislu Zakona [&hellip;]<\/p>\n","protected":false},"author":1,"featured_media":0,"parent":0,"menu_order":0,"comment_status":"closed","ping_status":"closed","template":"","meta":{"footnotes":""},"class_list":["post-502","page","type-page","status-publish","hentry"],"_links":{"self":[{"href":"https:\/\/www.nmc-anwaelte.at\/sr\/wp-json\/wp\/v2\/pages\/502","targetHints":{"allow":["GET"]}}],"collection":[{"href":"https:\/\/www.nmc-anwaelte.at\/sr\/wp-json\/wp\/v2\/pages"}],"about":[{"href":"https:\/\/www.nmc-anwaelte.at\/sr\/wp-json\/wp\/v2\/types\/page"}],"author":[{"embeddable":true,"href":"https:\/\/www.nmc-anwaelte.at\/sr\/wp-json\/wp\/v2\/users\/1"}],"replies":[{"embeddable":true,"href":"https:\/\/www.nmc-anwaelte.at\/sr\/wp-json\/wp\/v2\/comments?post=502"}],"version-history":[{"count":10,"href":"https:\/\/www.nmc-anwaelte.at\/sr\/wp-json\/wp\/v2\/pages\/502\/revisions"}],"predecessor-version":[{"id":962,"href":"https:\/\/www.nmc-anwaelte.at\/sr\/wp-json\/wp\/v2\/pages\/502\/revisions\/962"}],"wp:attachment":[{"href":"https:\/\/www.nmc-anwaelte.at\/sr\/wp-json\/wp\/v2\/media?parent=502"}],"curies":[{"name":"wp","href":"https:\/\/api.w.org\/{rel}","templated":true}]}}