{"id":629,"date":"2018-11-14T10:27:03","date_gmt":"2018-11-14T10:27:03","guid":{"rendered":"http:\/\/nmc.invinity.at\/sample-page\/"},"modified":"2018-11-21T18:47:47","modified_gmt":"2018-11-21T17:47:47","slug":"sample-page","status":"publish","type":"page","link":"https:\/\/www.nmc-anwaelte.at\/sr\/","title":{"rendered":"Home"},"content":{"rendered":"\t\t<div data-elementor-type=\"wp-post\" data-elementor-id=\"629\" class=\"elementor elementor-629 elementor-2 elementor-bc-flex-widget\" data-elementor-post-type=\"page\">\n\t\t\t\t\t\t<section class=\"elementor-section elementor-top-section elementor-element elementor-element-979ece8 elementor-section-boxed elementor-section-height-default elementor-section-height-default\" data-id=\"979ece8\" data-element_type=\"section\" data-settings=\"{&quot;background_background&quot;:&quot;classic&quot;}\">\n\t\t\t\t\t\t<div class=\"elementor-container elementor-column-gap-default\">\n\t\t\t\t\t<div class=\"elementor-column elementor-col-100 elementor-top-column elementor-element elementor-element-d1d426b\" data-id=\"d1d426b\" data-element_type=\"column\">\n\t\t\t<div class=\"elementor-widget-wrap elementor-element-populated\">\n\t\t\t\t\t\t<div class=\"elementor-element elementor-element-afd7257 elementor-widget elementor-widget-heading\" data-id=\"afd7257\" data-element_type=\"widget\" data-widget_type=\"heading.default\">\n\t\t\t\t<div class=\"elementor-widget-container\">\n\t\t\t\t\t<h2 class=\"elementor-heading-title elementor-size-default\">Dobrodo\u0161li u<br \/>\nAdvokatsku<br \/>\nkancelariju <br \/>\n<strong>Neulinger<\/strong><br \/>\n<strong>Mitrofanova<\/strong><br \/> \n<strong>\u010ceovi\u0107!\u200b<\/strong><\/h2>\t\t\t\t<\/div>\n\t\t\t\t<\/div>\n\t\t\t\t\t<\/div>\n\t\t<\/div>\n\t\t\t\t\t<\/div>\n\t\t<\/section>\n\t\t\t\t<\/div>\n\t\t","protected":false},"excerpt":{"rendered":"<p>Dobrodo\u0161li u Advokatsku kancelariju Neulinger Mitrofanova \u010ceovi\u0107!\u200b<\/p>\n","protected":false},"author":1,"featured_media":0,"parent":0,"menu_order":0,"comment_status":"closed","ping_status":"open","template":"","meta":{"footnotes":""},"class_list":["post-629","page","type-page","status-publish","hentry"],"_links":{"self":[{"href":"https:\/\/www.nmc-anwaelte.at\/sr\/wp-json\/wp\/v2\/pages\/629","targetHints":{"allow":["GET"]}}],"collection":[{"href":"https:\/\/www.nmc-anwaelte.at\/sr\/wp-json\/wp\/v2\/pages"}],"about":[{"href":"https:\/\/www.nmc-anwaelte.at\/sr\/wp-json\/wp\/v2\/types\/page"}],"author":[{"embeddable":true,"href":"https:\/\/www.nmc-anwaelte.at\/sr\/wp-json\/wp\/v2\/users\/1"}],"replies":[{"embeddable":true,"href":"https:\/\/www.nmc-anwaelte.at\/sr\/wp-json\/wp\/v2\/comments?post=629"}],"version-history":[{"count":4,"href":"https:\/\/www.nmc-anwaelte.at\/sr\/wp-json\/wp\/v2\/pages\/629\/revisions"}],"predecessor-version":[{"id":812,"href":"https:\/\/www.nmc-anwaelte.at\/sr\/wp-json\/wp\/v2\/pages\/629\/revisions\/812"}],"wp:attachment":[{"href":"https:\/\/www.nmc-anwaelte.at\/sr\/wp-json\/wp\/v2\/media?parent=629"}],"curies":[{"name":"wp","href":"https:\/\/api.w.org\/{rel}","templated":true}]}}